{"id":1581,"date":"2025-06-16T17:13:37","date_gmt":"2025-06-16T22:13:37","guid":{"rendered":"http:\/\/localhost:8888\/valorar\/?page_id=1581"},"modified":"2025-07-22T17:48:53","modified_gmt":"2025-07-22T22:48:53","slug":"catastro-multiproposito","status":"publish","type":"page","link":"http:\/\/valorar.com\/index.php\/valoraciones\/catastro-multiproposito\/","title":{"rendered":"Catastro multiprop\u00f3sito"},"content":{"rendered":"\t\t<div data-elementor-type=\"wp-page\" data-elementor-id=\"1581\" class=\"elementor elementor-1581\" data-elementor-post-type=\"page\">\n\t\t\t\t\t\t<section class=\"elementor-section elementor-top-section elementor-element elementor-element-5a7eb07d elementor-section-boxed elementor-section-height-default elementor-section-height-default\" data-id=\"5a7eb07d\" data-element_type=\"section\">\n\t\t\t\t\t\t<div class=\"elementor-container elementor-column-gap-default\">\n\t\t\t\t\t<div class=\"elementor-column elementor-col-100 elementor-top-column elementor-element elementor-element-db460ea\" data-id=\"db460ea\" data-element_type=\"column\">\n\t\t\t<div class=\"elementor-widget-wrap elementor-element-populated\">\n\t\t\t\t\t\t<section class=\"elementor-section elementor-inner-section elementor-element elementor-element-695c113 elementor-section-boxed elementor-section-height-default elementor-section-height-default\" data-id=\"695c113\" data-element_type=\"section\">\n\t\t\t\t\t\t<div class=\"elementor-container elementor-column-gap-default\">\n\t\t\t\t\t<div class=\"elementor-column elementor-col-100 elementor-inner-column elementor-element elementor-element-535c5998\" data-id=\"535c5998\" data-element_type=\"column\">\n\t\t\t<div class=\"elementor-widget-wrap elementor-element-populated\">\n\t\t\t\t\t\t<div class=\"elementor-element elementor-element-179c14ea elementor-widget elementor-widget-int-video\" data-id=\"179c14ea\" data-element_type=\"widget\" data-widget_type=\"int-video.default\">\n\t\t\t\t<div class=\"elementor-widget-container\">\n\t\t\t\t\t\n        <div class=\"xb__video pos-rel\">\n            <img fetchpriority=\"high\" decoding=\"async\" width=\"1935\" height=\"900\" src=\"http:\/\/valorar.com\/wp-content\/uploads\/2025\/07\/Catastro-multiproposito.jpg\" class=\"attachment-full size-full\" alt=\"\" srcset=\"http:\/\/valorar.com\/wp-content\/uploads\/2025\/07\/Catastro-multiproposito.jpg 1935w, http:\/\/valorar.com\/wp-content\/uploads\/2025\/07\/Catastro-multiproposito-300x140.jpg 300w, http:\/\/valorar.com\/wp-content\/uploads\/2025\/07\/Catastro-multiproposito-1024x476.jpg 1024w, http:\/\/valorar.com\/wp-content\/uploads\/2025\/07\/Catastro-multiproposito-768x357.jpg 768w, http:\/\/valorar.com\/wp-content\/uploads\/2025\/07\/Catastro-multiproposito-1536x714.jpg 1536w\" sizes=\"(max-width: 1935px) 100vw, 1935px\" \/>                    <\/div>\n        \t\t\t\t<\/div>\n\t\t\t\t<\/div>\n\t\t\t\t\t<\/div>\n\t\t<\/div>\n\t\t\t\t\t<\/div>\n\t\t<\/section>\n\t\t\t\t<section class=\"elementor-section elementor-inner-section elementor-element elementor-element-3b14e9fb elementor-section-boxed elementor-section-height-default elementor-section-height-default\" data-id=\"3b14e9fb\" data-element_type=\"section\">\n\t\t\t\t\t\t<div class=\"elementor-container elementor-column-gap-default\">\n\t\t\t\t\t<div class=\"elementor-column elementor-col-100 elementor-inner-column elementor-element elementor-element-6d74ee59\" data-id=\"6d74ee59\" data-element_type=\"column\">\n\t\t\t<div class=\"elementor-widget-wrap elementor-element-populated\">\n\t\t\t\t\t\t<div class=\"elementor-element elementor-element-6ddd4f0e elementor-widget elementor-widget-heading\" data-id=\"6ddd4f0e\" data-element_type=\"widget\" data-widget_type=\"heading.default\">\n\t\t\t\t<div class=\"elementor-widget-container\">\n\t\t\t\t\t<h2 class=\"elementor-heading-title elementor-size-default\">Catastro multiprop\u00f3sito<\/h2>\t\t\t\t<\/div>\n\t\t\t\t<\/div>\n\t\t\t\t<div class=\"elementor-element elementor-element-6a30c035 elementor-widget elementor-widget-text-editor\" data-id=\"6a30c035\" data-element_type=\"widget\" data-widget_type=\"text-editor.default\">\n\t\t\t\t<div class=\"elementor-widget-container\">\n\t\t\t\t\t\t\t\t\t<p><span style=\"font-weight: 400;\">Herramienta estrat\u00e9gica para la generaci\u00f3n de valor y la toma de decisiones frente el ordenamiento territorial. Es un instrumento donde todos ganamos, gracias a que identifica territorios y sus procesos de transformaci\u00f3n contribuyendo al fortalecimiento de las finanzas municipales.<\/span><\/p>\t\t\t\t\t\t\t\t<\/div>\n\t\t\t\t<\/div>\n\t\t\t\t<div class=\"elementor-element elementor-element-3577aa53 elementor-widget elementor-widget-text-editor\" data-id=\"3577aa53\" data-element_type=\"widget\" data-widget_type=\"text-editor.default\">\n\t\t\t\t<div class=\"elementor-widget-container\">\n\t\t\t\t\t\t\t\t\t<p><span style=\"font-weight: 400;\">Somos un equipo experto en temas catastrales que asesora procesos de formaci\u00f3n, actualizaci\u00f3n, conservaci\u00f3n y difusi\u00f3n catastral, especializados\u00a0 en el componente econ\u00f3mico del catastro multiprop\u00f3sito. Avaluamos unidades prediales con fines administrativos, fiscales y de planificaci\u00f3n econ\u00f3mica.<\/span><\/p>\t\t\t\t\t\t\t\t<\/div>\n\t\t\t\t<\/div>\n\t\t\t\t<div class=\"elementor-element elementor-element-164aad39 elementor-widget elementor-widget-heading\" data-id=\"164aad39\" data-element_type=\"widget\" data-widget_type=\"heading.default\">\n\t\t\t\t<div class=\"elementor-widget-container\">\n\t\t\t\t\t<h2 class=\"elementor-heading-title elementor-size-default\">Quienes han confiado en nosotros<\/h2>\t\t\t\t<\/div>\n\t\t\t\t<\/div>\n\t\t<div class=\"elementor-element elementor-element-755d5ed e-grid elementor-hidden-mobile e-con-boxed e-con e-parent\" data-id=\"755d5ed\" data-element_type=\"container\">\n\t\t\t\t\t<div class=\"e-con-inner\">\n\t\t<div class=\"elementor-element elementor-element-537486d e-con-full e-flex e-con e-child\" data-id=\"537486d\" data-element_type=\"container\">\n\t\t\t\t<\/div>\n\t\t<div class=\"elementor-element elementor-element-984ab33 e-con-full e-flex e-con e-child\" data-id=\"984ab33\" data-element_type=\"container\">\n\t\t\t\t<div class=\"elementor-element elementor-element-a378570 elementor-widget elementor-widget-image\" data-id=\"a378570\" data-element_type=\"widget\" data-widget_type=\"image.default\">\n\t\t\t\t<div class=\"elementor-widget-container\">\n\t\t\t\t\t\t\t\t\t\t\t\t\t\t\t<img decoding=\"async\" width=\"96\" height=\"44\" src=\"http:\/\/valorar.com\/wp-content\/uploads\/2025\/07\/Gesvalt-valorar-cliente-catastro-multiproposito.png\" class=\"attachment-large size-large wp-image-3217\" alt=\"\" \/>\t\t\t\t\t\t\t\t\t\t\t\t\t\t\t<\/div>\n\t\t\t\t<\/div>\n\t\t\t\t<\/div>\n\t\t<div class=\"elementor-element elementor-element-8bdb82c e-con-full e-flex e-con e-child\" data-id=\"8bdb82c\" data-element_type=\"container\">\n\t\t\t\t<div class=\"elementor-element elementor-element-bdd38ba elementor-widget elementor-widget-image\" data-id=\"bdd38ba\" data-element_type=\"widget\" data-widget_type=\"image.default\">\n\t\t\t\t<div class=\"elementor-widget-container\">\n\t\t\t\t\t\t\t\t\t\t\t\t\t\t\t<img decoding=\"async\" width=\"96\" height=\"44\" src=\"http:\/\/valorar.com\/wp-content\/uploads\/2025\/07\/Arbitrium-logo-valorar-cliente.jpg\" class=\"attachment-large size-large wp-image-3216\" alt=\"\" \/>\t\t\t\t\t\t\t\t\t\t\t\t\t\t\t<\/div>\n\t\t\t\t<\/div>\n\t\t\t\t<\/div>\n\t\t<div class=\"elementor-element elementor-element-a4492a5 e-con-full e-flex e-con e-child\" data-id=\"a4492a5\" data-element_type=\"container\">\n\t\t\t\t<\/div>\n\t\t\t\t\t<\/div>\n\t\t\t\t<\/div>\n\t\t<div class=\"elementor-element elementor-element-ff62c56 e-grid elementor-hidden-desktop elementor-hidden-tablet e-con-boxed e-con e-parent\" data-id=\"ff62c56\" data-element_type=\"container\">\n\t\t\t\t\t<div class=\"e-con-inner\">\n\t\t<div class=\"elementor-element elementor-element-78e5152 e-con-full e-flex e-con e-child\" data-id=\"78e5152\" data-element_type=\"container\">\n\t\t\t\t<div class=\"elementor-element elementor-element-6b673e0 elementor-widget elementor-widget-image\" data-id=\"6b673e0\" data-element_type=\"widget\" data-widget_type=\"image.default\">\n\t\t\t\t<div class=\"elementor-widget-container\">\n\t\t\t\t\t\t\t\t\t\t\t\t\t\t\t<img decoding=\"async\" width=\"96\" height=\"44\" src=\"http:\/\/valorar.com\/wp-content\/uploads\/2025\/07\/Gesvalt-valorar-cliente-catastro-multiproposito.png\" class=\"attachment-large size-large wp-image-3217\" alt=\"\" \/>\t\t\t\t\t\t\t\t\t\t\t\t\t\t\t<\/div>\n\t\t\t\t<\/div>\n\t\t\t\t<\/div>\n\t\t<div class=\"elementor-element elementor-element-aae4017 e-con-full e-flex e-con e-child\" data-id=\"aae4017\" data-element_type=\"container\">\n\t\t\t\t<div class=\"elementor-element elementor-element-afc068d elementor-widget elementor-widget-image\" data-id=\"afc068d\" data-element_type=\"widget\" data-widget_type=\"image.default\">\n\t\t\t\t<div class=\"elementor-widget-container\">\n\t\t\t\t\t\t\t\t\t\t\t\t\t\t\t<img decoding=\"async\" width=\"96\" height=\"44\" src=\"http:\/\/valorar.com\/wp-content\/uploads\/2025\/07\/Arbitrium-logo-valorar-cliente.jpg\" class=\"attachment-large size-large wp-image-3216\" alt=\"\" \/>\t\t\t\t\t\t\t\t\t\t\t\t\t\t\t<\/div>\n\t\t\t\t<\/div>\n\t\t\t\t<\/div>\n\t\t<div class=\"elementor-element elementor-element-14226c1 e-con-full e-flex e-con e-child\" data-id=\"14226c1\" data-element_type=\"container\">\n\t\t\t\t<\/div>\n\t\t<div class=\"elementor-element elementor-element-9755372 e-con-full e-flex e-con e-child\" data-id=\"9755372\" data-element_type=\"container\">\n\t\t\t\t<\/div>\n\t\t\t\t\t<\/div>\n\t\t\t\t<\/div>\n\t\t\t\t\t<\/div>\n\t\t<\/div>\n\t\t\t\t\t<\/div>\n\t\t<\/section>\n\t\t\t\t\t<\/div>\n\t\t<\/div>\n\t\t\t\t\t<\/div>\n\t\t<\/section>\n\t\t<div class=\"elementor-element elementor-element-43c3cb9 e-flex e-con-boxed e-con e-parent\" data-id=\"43c3cb9\" data-element_type=\"container\">\n\t\t\t\t\t<div class=\"e-con-inner\">\n\t\t\t\t<div class=\"elementor-element elementor-element-a4ac59c elementor-widget elementor-widget-int-contact-form\" data-id=\"a4ac59c\" data-element_type=\"widget\" data-widget_type=\"int-contact-form.default\">\n\t\t\t\t<div class=\"elementor-widget-container\">\n\t\t\t\t\t\n                <div class=\"contact-from\">\n            \n<div class=\"wpcf7 no-js\" id=\"wpcf7-f1297-o1\" lang=\"en-US\" dir=\"ltr\" data-wpcf7-id=\"1297\">\n<div class=\"screen-reader-response\"><p role=\"status\" aria-live=\"polite\" aria-atomic=\"true\"><\/p> <ul><\/ul><\/div>\n<form action=\"\/index.php\/wp-json\/wp\/v2\/pages\/1581#wpcf7-f1297-o1\" method=\"post\" class=\"wpcf7-form init\" aria-label=\"Contact form\" novalidate=\"novalidate\" data-status=\"init\">\n<div style=\"display: none;\">\n<input type=\"hidden\" name=\"_wpcf7\" value=\"1297\" \/>\n<input type=\"hidden\" name=\"_wpcf7_version\" value=\"6.0.6\" \/>\n<input type=\"hidden\" name=\"_wpcf7_locale\" value=\"en_US\" \/>\n<input type=\"hidden\" name=\"_wpcf7_unit_tag\" value=\"wpcf7-f1297-o1\" \/>\n<input type=\"hidden\" name=\"_wpcf7_container_post\" value=\"0\" \/>\n<input type=\"hidden\" name=\"_wpcf7_posted_data_hash\" value=\"\" \/>\n<input type=\"hidden\" name=\"_wpcf7_recaptcha_response\" value=\"\" \/>\n<\/div>\n<div class=\"contact-from\">\n    <div class=\"row\">\n        <div class=\"col-lg-6\">\n            <div class=\"xb-item--field\">\n                <label for=\"name\">Nombre *<\/label>\n                <div class=\"field-inner pos-rel\">\n                    <span class=\"icon icon-user\"><\/span>\n<span class=\"wpcf7-form-control-wrap\" data-name=\"text-917\"><input size=\"40\" maxlength=\"400\" class=\"wpcf7-form-control wpcf7-text wpcf7-validates-as-required\" id=\"name\" aria-required=\"true\" aria-invalid=\"false\" placeholder=\"Jorge Rodriguez\" value=\"\" type=\"text\" name=\"text-917\" \/><\/span>\n                <\/div>\n            <\/div>\n        <\/div>\n        <div class=\"col-lg-6\">\n            <div class=\"xb-item--field\">\n                <label for=\"email\">Correo *<\/label>\n                <div class=\"field-inner pos-rel\">\n                    <span class=\"icon icon-email\"><\/span>\n<span class=\"wpcf7-form-control-wrap\" data-name=\"email-252\"><input size=\"40\" maxlength=\"400\" class=\"wpcf7-form-control wpcf7-email wpcf7-validates-as-required wpcf7-text wpcf7-validates-as-email\" id=\"email\" aria-required=\"true\" aria-invalid=\"false\" placeholder=\"contacto@valorar.com\" value=\"\" type=\"email\" name=\"email-252\" \/><\/span>\n                <\/div>\n            <\/div>\n        <\/div>\n        <div class=\"col-lg-6\">\n            <div class=\"xb-item--field\">\n                <label for=\"phone\">Tel\u00e9fono *<\/label>\n                <div class=\"field-inner pos-rel\">\n                    <span class=\"icon icon-call\"><\/span>\n<span class=\"wpcf7-form-control-wrap\" data-name=\"text-912\"><input size=\"40\" maxlength=\"400\" class=\"wpcf7-form-control wpcf7-text wpcf7-validates-as-required\" id=\"phone\" aria-required=\"true\" aria-invalid=\"false\" placeholder=\"300 000 00 00\" value=\"\" type=\"text\" name=\"text-912\" \/><\/span>\n                <\/div>\n            <\/div>\n        <\/div>\n        <div class=\"col-lg-6\">\n            <div class=\"xb-item--field\">\n                <label for=\"select\">Asunto *<\/label>\n                <div class=\"field-inner pos-rel\">\n                    <span class=\"icon icon-select\"><\/span>\n<span class=\"wpcf7-form-control-wrap\" data-name=\"menu-766\"><select class=\"wpcf7-form-control wpcf7-select wpcf7-validates-as-required nice-select\" id=\"select\" aria-required=\"true\" aria-invalid=\"false\" name=\"menu-766\"><option value=\"Seleccionar asunto\">Seleccionar asunto<\/option><option value=\"Catastro multiprop\u00f3sito\">Catastro multiprop\u00f3sito<\/option><option value=\"Contribuci\u00f3n de valorizaci\u00f3n\">Contribuci\u00f3n de valorizaci\u00f3n<\/option><option value=\"Participaci\u00f3n en plusval\u00eda\">Participaci\u00f3n en plusval\u00eda<\/option><option value=\"Gesti\u00f3n predial\">Gesti\u00f3n predial<\/option><option value=\"Gesti\u00f3n de activos\">Gesti\u00f3n de activos<\/option><option value=\"Dictamen pericial y amigable composici\u00f3n\">Dictamen pericial y amigable composici\u00f3n<\/option><option value=\"aval\u00faos puntuales\">aval\u00faos puntuales<\/option><option value=\"Gesti\u00f3n y estructuraci\u00f3n inmobiliaria\">Gesti\u00f3n y estructuraci\u00f3n inmobiliaria<\/option><\/select><\/span>\n                <\/div>\n            <\/div>\n        <\/div>\n        <div class=\"col-12\">\n            <div class=\"xb-item--field\">\n                <label for=\"message\">Mensaje<\/label>\n                <div class=\"field-inner pos-rel\">\n                    <span class=\"icon icon-message\"><\/span>\n<span class=\"wpcf7-form-control-wrap\" data-name=\"textarea-693\"><textarea cols=\"40\" rows=\"10\" maxlength=\"2000\" class=\"wpcf7-form-control wpcf7-textarea wpcf7-validates-as-required\" id=\"message\" aria-required=\"true\" aria-invalid=\"false\" placeholder=\"Escribe tu mensaje...\" name=\"textarea-693\"><\/textarea><\/span>\n                <\/div>\n            <\/div>\n        <\/div>\n        <div class=\"form-button text-center\">\n            <button class=\"xb-btn\">Enviar<\/button>\n        <\/div>\n    <\/div>\n<\/div>\n<br>\n\n&nbsp;\n<span class=\"wpcf7-form-control-wrap\" data-name=\"acceptance-781\"><span class=\"wpcf7-form-control wpcf7-acceptance\"><span class=\"wpcf7-list-item\"><label><input type=\"checkbox\" name=\"acceptance-781\" value=\"1\" aria-invalid=\"false\" \/><span class=\"wpcf7-list-item-label\">Acepto los <a href=\"https:\/\/valorar.com\/index.php\/politica-tratamiento-de-datos-personales\/\">t\u00e9rminos y condiciones<\/a> y la <a href=\"https:\/\/valorar.com\/index.php\/politica-tratamiento-de-datos-personales\/\">pol\u00edtica de tratamiento de datos personales<\/a> de Valorar.<\/span><\/label><\/span><\/span><\/span>\n&nbsp;\n<br>\n\n\nEste sitio est\u00e1 protegido por reCAPTCHA y se aplican la <a href=\"https:\/\/policies.google.com\/privacy\" target=\"_blank\" rel=\"noopener\">Pol\u00edtica de Privacidad<\/a> y los <a href=\"https:\/\/policies.google.com\/terms\" target=\"_blank\" rel=\"noopener\">T\u00e9rminos de Servicio<\/a> de Google.\n<\/p><p style=\"display: none !important;\" class=\"akismet-fields-container\" data-prefix=\"_wpcf7_ak_\"><label>&#916;<textarea name=\"_wpcf7_ak_hp_textarea\" cols=\"45\" rows=\"8\" maxlength=\"100\"><\/textarea><\/label><input type=\"hidden\" id=\"ak_js_1\" name=\"_wpcf7_ak_js\" value=\"76\"\/><script>document.getElementById( \"ak_js_1\" ).setAttribute( \"value\", ( new Date() ).getTime() );<\/script><\/p><div class=\"wpcf7-response-output\" aria-hidden=\"true\"><\/div>\n<\/form>\n<\/div>\n        <\/div>\n            \t\t\t\t<\/div>\n\t\t\t\t<\/div>\n\t\t\t\t\t<\/div>\n\t\t\t\t<\/div>\n\t\t\t\t<\/div>\n\t\t","protected":false},"excerpt":{"rendered":"<p>Catastro multiprop\u00f3sito Herramienta estrat\u00e9gica para la generaci\u00f3n de valor y la toma de decisiones frente el ordenamiento territorial. Es un instrumento donde todos ganamos, gracias a que identifica territorios y sus procesos de transformaci\u00f3n contribuyendo al fortalecimiento de las finanzas municipales. Somos un equipo experto en temas catastrales que asesora procesos de formaci\u00f3n, actualizaci\u00f3n, conservaci\u00f3n [&hellip;]<\/p>\n","protected":false},"author":1,"featured_media":0,"parent":1566,"menu_order":8,"comment_status":"closed","ping_status":"closed","template":"seargin-template.php","meta":{"content-type":"","inline_featured_image":false,"_joinchat":[],"footnotes":""},"class_list":["post-1581","page","type-page","status-publish","hentry"],"_links":{"self":[{"href":"http:\/\/valorar.com\/index.php\/wp-json\/wp\/v2\/pages\/1581","targetHints":{"allow":["GET"]}}],"collection":[{"href":"http:\/\/valorar.com\/index.php\/wp-json\/wp\/v2\/pages"}],"about":[{"href":"http:\/\/valorar.com\/index.php\/wp-json\/wp\/v2\/types\/page"}],"author":[{"embeddable":true,"href":"http:\/\/valorar.com\/index.php\/wp-json\/wp\/v2\/users\/1"}],"replies":[{"embeddable":true,"href":"http:\/\/valorar.com\/index.php\/wp-json\/wp\/v2\/comments?post=1581"}],"version-history":[{"count":173,"href":"http:\/\/valorar.com\/index.php\/wp-json\/wp\/v2\/pages\/1581\/revisions"}],"predecessor-version":[{"id":3785,"href":"http:\/\/valorar.com\/index.php\/wp-json\/wp\/v2\/pages\/1581\/revisions\/3785"}],"up":[{"embeddable":true,"href":"http:\/\/valorar.com\/index.php\/wp-json\/wp\/v2\/pages\/1566"}],"wp:attachment":[{"href":"http:\/\/valorar.com\/index.php\/wp-json\/wp\/v2\/media?parent=1581"}],"curies":[{"name":"wp","href":"https:\/\/api.w.org\/{rel}","templated":true}]}}