{"id":1189,"date":"2023-12-14T05:48:39","date_gmt":"2023-12-14T05:48:39","guid":{"rendered":"https:\/\/seargin.xpressbuddy.com\/?page_id=1189"},"modified":"2025-07-16T15:31:39","modified_gmt":"2025-07-16T20:31:39","slug":"preguntas-frecuentes","status":"publish","type":"page","link":"https:\/\/valorar.com\/index.php\/preguntas-frecuentes\/","title":{"rendered":"Preguntas frecuentes"},"content":{"rendered":"\t\t<div data-elementor-type=\"wp-page\" data-elementor-id=\"1189\" class=\"elementor elementor-1189\" data-elementor-post-type=\"page\">\n\t\t\t\t\t\t<section class=\"elementor-section elementor-top-section elementor-element elementor-element-45e6517 elementor-section-boxed elementor-section-height-default elementor-section-height-default\" data-id=\"45e6517\" data-element_type=\"section\">\n\t\t\t\t\t\t<div class=\"elementor-container elementor-column-gap-default\">\n\t\t\t\t\t<div class=\"elementor-column elementor-col-100 elementor-top-column elementor-element elementor-element-e06a02b\" data-id=\"e06a02b\" data-element_type=\"column\">\n\t\t\t<div class=\"elementor-widget-wrap elementor-element-populated\">\n\t\t\t\t\t\t<div class=\"elementor-element elementor-element-643e6398 elementor-widget elementor-widget-int-sec-title\" data-id=\"643e6398\" data-element_type=\"widget\" data-widget_type=\"int-sec-title.default\">\n\t\t\t\t<div class=\"elementor-widget-container\">\n\t\t\t\t\t                <div class=\"sec-title\">\n                            <h2 class=\"title\">Preguntas Frecuentes<br>\n<\/h2>\n                    <\/div>\n    \t\t\t\t<\/div>\n\t\t\t\t<\/div>\n\t\t\t\t<div class=\"elementor-element elementor-element-688c8cec elementor-widget elementor-widget-int-faq\" data-id=\"688c8cec\" data-element_type=\"widget\" data-widget_type=\"int-faq.default\">\n\t\t\t\t<div class=\"elementor-widget-container\">\n\t\t\t\t\t\n        <ul class=\"xb-accordion accordion_box clearfix\">\n\n                            <li class=\"accordion block active-block\">\n                    <div class=\"acc-btn\">\n                        \u00bfQu\u00e9 tipos de bienes o activos pueden valorar en Valorar?                        <span class=\"arrow\"><\/span>\n                    <\/div>\n                    <div class=\"acc_body current\">\n                        <div class=\"content\">\n                            <p>En Valorar realizamos aval\u00faos de bienes inmuebles urbanos y rurales, maquinaria y equipos, muebles y enseres, intangibles, servidumbres, cultivos, especies vegetales, y tasaciones de perjuicios e indemnizaciones, entre otros.<\/p>                        <\/div>\n                    <\/div>\n                <\/li>\n                            <li class=\"accordion block \">\n                    <div class=\"acc-btn\">\n                        \u00bfPara qu\u00e9 fines puedo solicitar un aval\u00fao?                        <span class=\"arrow\"><\/span>\n                    <\/div>\n                    <div class=\"acc_body \">\n                        <div class=\"content\">\n                            <p style=\"text-align: justify\">Los aval\u00faos pueden solicitarse para fines contables (NIIF o COLGAP), seguros, compraventas, garant\u00edas hipotecarias, leasing, procesos judiciales, revisi\u00f3n de aval\u00faos del Estado o c\u00e1lculos del \u00edndice de valoraci\u00f3n predial, entre otros.<\/p>                        <\/div>\n                    <\/div>\n                <\/li>\n                            <li class=\"accordion block \">\n                    <div class=\"acc-btn\">\n                        \u00bfQu\u00e9 es el catastro multiprop\u00f3sito y c\u00f3mo pueden ayudarme?                        <span class=\"arrow\"><\/span>\n                    <\/div>\n                    <div class=\"acc_body \">\n                        <div class=\"content\">\n                            <p>El catastro multiprop\u00f3sito es una herramienta para conocer, actualizar y gestionar la informaci\u00f3n de predios para fines fiscales, administrativos y de planificaci\u00f3n. Nuestro equipo asesora municipios y entidades en formaci\u00f3n, conservaci\u00f3n y difusi\u00f3n catastral.<\/p>                        <\/div>\n                    <\/div>\n                <\/li>\n                            <li class=\"accordion block \">\n                    <div class=\"acc-btn\">\n                        \u00bfValorar realiza gesti\u00f3n predial para proyectos de infraestructura?                        <span class=\"arrow\"><\/span>\n                    <\/div>\n                    <div class=\"acc_body \">\n                        <div class=\"content\">\n                            <p>S\u00ed. Contamos con un equipo multidisciplinario para la gesti\u00f3n predial integral: adquisici\u00f3n de terrenos, aval\u00faos comerciales, negociaciones, constituci\u00f3n de servidumbres y procesos de expropiaci\u00f3n si es necesario.<\/p>                        <\/div>\n                    <\/div>\n                <\/li>\n                            <li class=\"accordion block \">\n                    <div class=\"acc-btn\">\n                        \u00bfOfrecen asesor\u00eda jur\u00eddica y normativa para proyectos inmobiliarios?                        <span class=\"arrow\"><\/span>\n                    <\/div>\n                    <div class=\"acc_body \">\n                        <div class=\"content\">\n                            <p>S\u00ed. Realizamos an\u00e1lisis jur\u00eddico del inmueble y su entorno, consultor\u00eda normativa de instrumentos de planeaci\u00f3n, acompa\u00f1amos procesos de gesti\u00f3n de suelo y estructuraci\u00f3n de proyectos inmobiliarios con enfoque sostenible.<\/p>                        <\/div>\n                    <\/div>\n                <\/li>\n                            <li class=\"accordion block \">\n                    <div class=\"acc-btn\">\n                        \u00bfC\u00f3mo solicito una cotizaci\u00f3n o contacto para mi proyecto?                        <span class=\"arrow\"><\/span>\n                    <\/div>\n                    <div class=\"acc_body \">\n                        <div class=\"content\">\n                            <p>Puedes contactarnos a trav\u00e9s de nuestro formulario web, correo corporativo o v\u00eda WhatsApp. Nuestro equipo evaluar\u00e1 tu solicitud y se pondr\u00e1 en contacto contigo para ofrecerte la mejor soluci\u00f3n.<\/p>                        <\/div>\n                    <\/div>\n                <\/li>\n                    <\/ul>\n\n        \t\t\t\t<\/div>\n\t\t\t\t<\/div>\n\t\t\t\t\t<\/div>\n\t\t<\/div>\n\t\t\t\t\t<\/div>\n\t\t<\/section>\n\t\t\t\t<\/div>\n\t\t","protected":false},"excerpt":{"rendered":"<p>Preguntas Frecuentes \u00bfQu\u00e9 tipos de bienes o activos pueden valorar en Valorar?En Valorar realizamos aval\u00faos de bienes inmuebles urbanos y rurales, maquinaria y equipos, muebles y enseres, intangibles, servidumbres, cultivos, especies vegetales, y tasaciones de perjuicios e indemnizaciones, entre otros. \u00bfPara qu\u00e9 fines puedo solicitar un aval\u00fao? Los aval\u00faos pueden solicitarse para fines contables (NIIF [&hellip;]<\/p>\n","protected":false},"author":1,"featured_media":0,"parent":0,"menu_order":0,"comment_status":"closed","ping_status":"closed","template":"seargin-template.php","meta":{"content-type":"","inline_featured_image":false,"_joinchat":[],"footnotes":""},"class_list":["post-1189","page","type-page","status-publish","hentry"],"_links":{"self":[{"href":"https:\/\/valorar.com\/index.php\/wp-json\/wp\/v2\/pages\/1189","targetHints":{"allow":["GET"]}}],"collection":[{"href":"https:\/\/valorar.com\/index.php\/wp-json\/wp\/v2\/pages"}],"about":[{"href":"https:\/\/valorar.com\/index.php\/wp-json\/wp\/v2\/types\/page"}],"author":[{"embeddable":true,"href":"https:\/\/valorar.com\/index.php\/wp-json\/wp\/v2\/users\/1"}],"replies":[{"embeddable":true,"href":"https:\/\/valorar.com\/index.php\/wp-json\/wp\/v2\/comments?post=1189"}],"version-history":[{"count":8,"href":"https:\/\/valorar.com\/index.php\/wp-json\/wp\/v2\/pages\/1189\/revisions"}],"predecessor-version":[{"id":3555,"href":"https:\/\/valorar.com\/index.php\/wp-json\/wp\/v2\/pages\/1189\/revisions\/3555"}],"wp:attachment":[{"href":"https:\/\/valorar.com\/index.php\/wp-json\/wp\/v2\/media?parent=1189"}],"curies":[{"name":"wp","href":"https:\/\/api.w.org\/{rel}","templated":true}]}}