{"id":1568,"date":"2025-06-16T17:01:06","date_gmt":"2025-06-16T22:01:06","guid":{"rendered":"http:\/\/localhost:8888\/valorar\/?page_id=1568"},"modified":"2025-07-21T10:21:47","modified_gmt":"2025-07-21T15:21:47","slug":"gestion-y-estructuracion-inmobiliaria","status":"publish","type":"page","link":"https:\/\/valorar.com\/index.php\/gestion-y-estructuracion-inmobiliaria\/","title":{"rendered":"Gesti\u00f3n y estructuraci\u00f3n inmobiliaria"},"content":{"rendered":"\t\t<div data-elementor-type=\"wp-page\" data-elementor-id=\"1568\" class=\"elementor elementor-1568\" data-elementor-post-type=\"page\">\n\t\t\t\t\t\t<section class=\"elementor-section elementor-top-section elementor-element elementor-element-575c9c62 elementor-section-content-middle elementor-section-boxed elementor-section-height-default elementor-section-height-default\" data-id=\"575c9c62\" data-element_type=\"section\">\n\t\t\t\t\t\t<div class=\"elementor-container elementor-column-gap-default\">\n\t\t\t\t\t<div class=\"elementor-column elementor-col-50 elementor-top-column elementor-element elementor-element-5c426e90\" data-id=\"5c426e90\" data-element_type=\"column\">\n\t\t\t<div class=\"elementor-widget-wrap elementor-element-populated\">\n\t\t\t\t\t\t<div class=\"elementor-element elementor-element-59354e58 elementor-widget elementor-widget-int-sec-title\" data-id=\"59354e58\" data-element_type=\"widget\" data-widget_type=\"int-sec-title.default\">\n\t\t\t\t<div class=\"elementor-widget-container\">\n\t\t\t\t\t                <div class=\"sec-title\">\n                            <h5 class=\"subtitle ul_li\"><img decoding=\"async\" src=\"\"\n                                                alt=\"\"> Gesti\u00f3n y estructuraci\u00f3n inmobiliaria<\/h5>\n                            <h2 class=\"title\">Estructuramos proyectos inmobiliarios sostenibles desde el an\u00e1lisis jur\u00eddico y normativo hasta su impacto social, ambiental y econ\u00f3mico.<\/h2>\n                    <\/div>\n    \t\t\t\t<\/div>\n\t\t\t\t<\/div>\n\t\t\t\t<div class=\"elementor-element elementor-element-3c4964f4 elementor-widget elementor-widget-button\" data-id=\"3c4964f4\" data-element_type=\"widget\" data-widget_type=\"button.default\">\n\t\t\t\t<div class=\"elementor-widget-container\">\n\t\t\t\t\t\t\t\t\t<div class=\"elementor-button-wrapper\">\n\t\t\t\t\t<a class=\"elementor-button elementor-button-link elementor-size-sm\" href=\"https:\/\/valorar.com\/index.php\/contactenos\/\">\n\t\t\t\t\t\t<span class=\"elementor-button-content-wrapper\">\n\t\t\t\t\t\t\t\t\t<span class=\"elementor-button-text\">Cont\u00e1ctenos<\/span>\n\t\t\t\t\t<\/span>\n\t\t\t\t\t<\/a>\n\t\t\t\t<\/div>\n\t\t\t\t\t\t\t\t<\/div>\n\t\t\t\t<\/div>\n\t\t\t\t\t<\/div>\n\t\t<\/div>\n\t\t\t\t<div class=\"elementor-column elementor-col-50 elementor-top-column elementor-element elementor-element-771ba216\" data-id=\"771ba216\" data-element_type=\"column\">\n\t\t\t<div class=\"elementor-widget-wrap elementor-element-populated\">\n\t\t\t\t\t\t<div class=\"elementor-element elementor-element-ceee382 elementor-widget elementor-widget-image\" data-id=\"ceee382\" data-element_type=\"widget\" data-widget_type=\"image.default\">\n\t\t\t\t<div class=\"elementor-widget-container\">\n\t\t\t\t\t\t\t\t\t\t\t\t\t\t\t<img fetchpriority=\"high\" decoding=\"async\" width=\"581\" height=\"582\" src=\"https:\/\/valorar.com\/wp-content\/uploads\/2025\/06\/banner-valorar-gestion-inmobiliaria.png\" class=\"attachment-large size-large wp-image-1823\" alt=\"\" srcset=\"https:\/\/valorar.com\/wp-content\/uploads\/2025\/06\/banner-valorar-gestion-inmobiliaria.png 581w, https:\/\/valorar.com\/wp-content\/uploads\/2025\/06\/banner-valorar-gestion-inmobiliaria-300x300.png 300w, https:\/\/valorar.com\/wp-content\/uploads\/2025\/06\/banner-valorar-gestion-inmobiliaria-150x150.png 150w\" sizes=\"(max-width: 581px) 100vw, 581px\" \/>\t\t\t\t\t\t\t\t\t\t\t\t\t\t\t<\/div>\n\t\t\t\t<\/div>\n\t\t\t\t\t<\/div>\n\t\t<\/div>\n\t\t\t\t\t<\/div>\n\t\t<\/section>\n\t\t\t\t<section class=\"elementor-section elementor-top-section elementor-element elementor-element-4fdcc44d elementor-section-boxed elementor-section-height-default elementor-section-height-default\" data-id=\"4fdcc44d\" data-element_type=\"section\" data-settings=\"{&quot;background_background&quot;:&quot;classic&quot;}\">\n\t\t\t\t\t\t<div class=\"elementor-container elementor-column-gap-default\">\n\t\t\t\t\t<div class=\"elementor-column elementor-col-100 elementor-top-column elementor-element elementor-element-646cd3dd\" data-id=\"646cd3dd\" data-element_type=\"column\">\n\t\t\t<div class=\"elementor-widget-wrap elementor-element-populated\">\n\t\t\t\t\t\t<div class=\"elementor-element elementor-element-77394533 elementor-widget elementor-widget-int-sec-title\" data-id=\"77394533\" data-element_type=\"widget\" data-widget_type=\"int-sec-title.default\">\n\t\t\t\t<div class=\"elementor-widget-container\">\n\t\t\t\t\t                <div class=\"sec-title\">\n                            <h2 class=\"title\">Gesti\u00f3n y estructuraci\u00f3n inmobiliaria<\/h2>\n                    <\/div>\n    \t\t\t\t<\/div>\n\t\t\t\t<\/div>\n\t\t\t\t<section class=\"elementor-section elementor-inner-section elementor-element elementor-element-5681e0fe elementor-section-boxed elementor-section-height-default elementor-section-height-default\" data-id=\"5681e0fe\" data-element_type=\"section\">\n\t\t\t\t\t\t<div class=\"elementor-container elementor-column-gap-default\">\n\t\t\t\t\t<div class=\"elementor-column elementor-col-33 elementor-inner-column elementor-element elementor-element-353476e8\" data-id=\"353476e8\" data-element_type=\"column\">\n\t\t\t<div class=\"elementor-widget-wrap\">\n\t\t\t\t\t\t\t<\/div>\n\t\t<\/div>\n\t\t\t\t<div class=\"elementor-column elementor-col-33 elementor-inner-column elementor-element elementor-element-7481dca3\" data-id=\"7481dca3\" data-element_type=\"column\">\n\t\t\t<div class=\"elementor-widget-wrap elementor-element-populated\">\n\t\t\t\t\t\t<div class=\"elementor-element elementor-element-1d5f7cd8 elementor-widget elementor-widget-int-service\" data-id=\"1d5f7cd8\" data-element_type=\"widget\" data-widget_type=\"int-service.default\">\n\t\t\t\t<div class=\"elementor-widget-container\">\n\t\t\t\t\t\n        <div class=\"xb-service xb-service1\">\n            <div class=\"xb-item--inner\">\n                <div class=\"xb-item--icon\">\n                    <svg xmlns=\"http:\/\/www.w3.org\/2000\/svg\" id=\"Capa_1\" data-name=\"Capa 1\" viewBox=\"0 0 41 44\"><defs><style>      .cls-1 {        fill: #44bee5;      }      .cls-2 {        fill: #262457;      }    <\/style><\/defs><g id=\"JtnG6x\"><g><path class=\"cls-2\" d=\"M3.19.9s.3.14.2.21-.4-.2-.2-.21Z\"><\/path><path class=\"cls-2\" d=\"M3.33,2.63c.06,0,.1.03.08.09-.01.05-.28.23-.28.07,0-.06.15-.15.2-.16Z\"><\/path><path class=\"cls-2\" d=\"M2.93,1.81s.24-.02.26.03c.06.12-.2.12-.26.1s-.06-.11,0-.13Z\"><\/path><path class=\"cls-2\" d=\"M6.35,1.94s-.04-.11.02-.13c.03,0,.21,0,.24,0,.05.03.02.13,0,.13-.05,0-.21.01-.25,0Z\"><\/path><g><g><path class=\"cls-2\" d=\"M7.44,5.19c-.13-.15-.3-.1-.47-.07v-.64c0-.32-.45-.76-.77-.76h-.82c.03-.15.08-.29.15-.42.15-.26.4-.41.55-.67.64-1.1-.27-2.45-1.52-2.27-1.08.16-1.65,1.41-1.05,2.33.15.23.38.37.51.6.08.14.13.28.16.43h-.77c-.32,0-.76.44-.76.76v.25s-.27.03-.31.02c-.02,0-.06-.12-.09-.16-.13-.13-.38-.06-.55-.07.02-.14-.08-.26-.21-.3H.08s-.07.02-.07.06v3.13c0,.06.03.11.09.11.42-.03.89.04,1.3,0,.18-.02.3-.11.29-.3.29.01.67.04.63-.37h.42c.17,0,.89.41,1.17.48.43.11.97-.17,1.35-.36.48-.24.96-.53,1.42-.82.18-.12.62-.36.75-.5.13-.13.14-.34.01-.47ZM1.53,7.37H.15v-3.01h1.38v3.01ZM2.17,6.93s-.05.14-.09.14h-.39v-2.4h.41s.09.08.08.11v2.15ZM5.39,3.87h.37l-.42.63c-.09.07-.3-.06-.39-.11-.01,0-.03,0-.02-.03.02-.09.39-.39.46-.49ZM4.79,4.27l-.38-.4h.77c-.05.05-.35.41-.39.4ZM4.13,3.22c-.16-.28-.44-.43-.59-.73-.36-.71-.04-1.58.68-1.88,1.11-.47,2.22.58,1.83,1.72-.16.47-.58.64-.75,1.1-.02.05-.07.28-.08.29-.02.03-.18,0-.23.02h-.7c0-.18-.08-.35-.17-.5ZM4.21,3.87c.16.16.31.32.46.49,0,.03,0,.02-.02.03-.08.05-.31.18-.39.11l-.42-.63h.37ZM3.44,3.87s.17,0,.21,0c.08.03.4.61.49.71.22.22.45-.05.66-.11.2.07.44.32.64.12l.49-.71c.35-.09.72.13.84.46.02.06.05.18.05.25v.26h-.39s-.17.06-.2.08c-.17.1-.26.3-.26.49l-.91.25c.08-.27-.07-.56-.36-.58-.3-.03-.65.03-.95,0-.22-.02-.38-.21-.58-.28-.13-.05-.26-.06-.39-.05-.07-.42.22-.85.66-.88ZM6.83,5.01v.17s-.7.2-.7.2c-.03-.13.18-.37.29-.37h.41ZM7.27,5.6c-.36.3-.99.65-1.41.89-.4.23-1.34.76-1.78.73-.38-.03-1.04-.5-1.27-.5h-.49v-1.83h.59c.24,0,.41.18.61.28.27.13.81.03,1.12.06.41.04.38.52.08.56-.1.01-.49-.03-.54.03-.04.04-.02.11.04.12.08.01.43,0,.51,0,.06,0,.12-.05.18-.07.75-.21,1.5-.43,2.25-.64.24.03.28.23.1.38Z\"><\/path><path class=\"cls-2\" d=\"M6.38,2.84s-.25-.08-.26-.12c-.04-.19.28-.01.28.05,0,.02,0,.06-.02.07Z\"><\/path><g><path class=\"cls-2\" d=\"M6.38.92c.11.12-.3.33-.26.12,0-.04.22-.17.26-.12Z\"><\/path><path class=\"cls-2\" d=\"M3.83.25c.1-.03.24.23.16.27-.08.04-.1-.03-.14-.08-.03-.04-.1-.16-.02-.19Z\"><\/path><path class=\"cls-2\" d=\"M5.73.26c.03.05-.07.25-.13.26-.19.06-.03-.27.05-.28.01,0,.07.01.07.02Z\"><\/path><path class=\"cls-2\" d=\"M4.7.3V.04s.1-.06.13,0c.03.06.03.37-.13.27Z\"><\/path><\/g><\/g><path class=\"cls-2\" d=\"M1.17,6.96c0,.16-.13.3-.3.3s-.3-.13-.3-.3.13-.3.3-.3.3.13.3.3ZM1.03,6.96c0-.08-.07-.15-.15-.15s-.15.07-.15.15.07.15.15.15.15-.07.15-.15Z\"><\/path><\/g><\/g><\/g><g id=\"BT2qbu\"><g><path class=\"cls-2\" d=\"M4,2.18c.25.01.53-.02.78,0,.28.02.3.39.03.45-.26-.02-.55.02-.81,0s-.26-.42,0-.45ZM4.17,2.41c0-.05-.04-.1-.1-.1s-.1.04-.1.1.04.1.1.1.1-.04.1-.1ZM4.5,2.41c0-.05-.04-.1-.1-.1s-.1.04-.1.1.04.1.1.1.1-.04.1-.1ZM4.82,2.41c0-.05-.04-.1-.1-.1s-.1.04-.1.1.04.1.1.1.1-.04.1-.1Z\"><\/path><path class=\"cls-2\" d=\"M5.27,2.06l.41-.12s0-.05,0-.05c0,0-.02,0-.03-.01-.06-.04-.06-.13,0-.16.08-.05.16.02.15.1,0,.05-.05.05-.06.1,0,.07.03.14.02.23-.02.19-.29.24-.43.13-.05-.04-.14-.17-.14-.24-.01-.08.08-.04.07.02ZM5.74,1.8s-.02-.03-.03-.03-.03.02-.03.03.02.03.03.03.03-.02.03-.03Z\"><\/path><g><path class=\"cls-2\" d=\"M4.54,1.6s.03-.05.06-.06.1,0,.12,0c.01,0,.02.01.03,0l.48-.46.03-.02c0,.11.15.17.24.09.01-.01.02-.03.04-.05l.22.56c-.07-.02-.12,0-.16.06l-.23-.51-.46.48.03.04c0,.1.01.22,0,.32,0,.04-.03.07-.08.08h-.92s-.07-.03-.08-.07c0-.03,0-.13,0-.15,0-.03.04-.06.07-.06.02,0,.07,0,.08,0,.01,0,0-.05.06-.06.05,0,.19,0,.24,0,.05,0,.04.06.04.06h.19v-.27Z\"><\/path><path class=\"cls-2\" d=\"M5.51,1.06c0,.06-.05.11-.11.11s-.11-.05-.11-.11.05-.11.11-.11.11.05.11.11ZM5.45,1.06s-.02-.05-.05-.05-.05.02-.05.05.02.05.05.05.05-.02.05-.05Z\"><\/path><\/g><\/g><\/g><g id=\"X6HtIj\"><path class=\"cls-1\" d=\"M7.36,7.4c.06,0,.16-.04.19.03.03.06-.02.1-.07.11-.1,0-.21.03-.31.03-.03,0-.06-.01-.07-.04-.02-.04-.03-.24-.03-.3,0-.04,0-.1.05-.12.12-.04.1.13.11.2.09-.11.15-.23.19-.36.05-.16.06-.34.03-.5-.17.27-.5.25-.78.2-.01,0-.06.09-.07.1-.12.21-.16.48-.17.72,0,.06-.02.16,0,.22,0,0,0,.01,0,.01,0,0,.05,0,.06,0,.03,0,.07,0,.1-.01.06,0,.18-.06.18.05,0,.06-.07.08-.11.09-.47.1-.97-.09-1.25-.48-.31-.44-.3-1.05.03-1.47-.06,0-.15.04-.19-.02s0-.11.06-.12c.1-.02.21-.01.32-.03.04,0,.06.03.07.07.01.07.02.2.02.28,0,.05,0,.1-.05.11-.12.02-.09-.13-.1-.21-.1.11-.17.25-.21.39-.09.31-.02.65.16.91.17.24.45.41.75.43-.01-.22,0-.44.06-.65,0-.02-.1-.13-.12-.13,0,0-.1.04-.12.05-.39.12-.59-.12-.66-.47-.01-.06-.02-.14.07-.13.05,0,.14.03.2.03.11.01.24,0,.35.02.13.02.18.1.21.22.03.1.01.16.11.22,0,0,0,0,.01,0,.05-.14.12-.27.22-.38,0-.13-.02-.3.06-.4.07-.09.31-.14.42-.18.02,0,.05-.02.06-.02,0,0,.01,0,0,0,0,0-.09-.08-.1-.09-.23-.18-.51-.25-.81-.22-.06,0-.21.07-.23-.03-.01-.09.11-.1.17-.11.42-.07.84.08,1.12.39,0,0,.13-.07.16-.07.03,0,.07.02.08.05.01.06.01.17,0,.24,0,.05-.02.11-.02.15,0,.03.04.12.05.16.08.36,0,.73-.23,1.03ZM6.75,6.27s0,.07,0,.11c.06-.04.2-.11.27-.1.06.01.07.1.01.14-.05.03-.12.04-.17.07,0,0-.06.03-.05.04.17.02.37.03.49-.11.09-.1.13-.33.11-.46,0,0,0-.01,0,0-.08.04-.16.07-.25.1s-.32.09-.37.14c-.01.02-.03.06-.03.08ZM6.08,6.59s-.19-.03-.25-.03c-.08,0-.16-.02-.23-.03.05.19.14.36.37.32.01,0,.1-.03.11-.03,0,0,0,0,0-.01-.05-.03-.15-.05-.12-.13.03-.07.11-.04.16-.02,0,0-.02-.06-.03-.07Z\"><\/path><\/g><\/svg>                <\/div>\n                                    <h3 class=\"xb-item--title\"><a\n                                href=\"https:\/\/valorar.com\/index.php\/gestion-y-estructuracion-inmobiliaria\/estructuracion-de-proyectos-inmobiliarios\/\">Gesti\u00f3n y estructuraci\u00f3n inmobiliaria <\/a>\n                    <\/h3>\n                                                                    <div class=\"xb-item--shape\">\n                        <img decoding=\"async\" width=\"94\" height=\"91\" src=\"https:\/\/valorar.com\/wp-content\/uploads\/2023\/12\/srv_shape.png\" class=\"attachment-medium size-medium\" alt=\"\" \/>                    <\/div>\n                                <a class=\"xb-overlay\" href=\"https:\/\/valorar.com\/index.php\/gestion-y-estructuracion-inmobiliaria\/estructuracion-de-proyectos-inmobiliarios\/\"><\/a>\n            <\/div>\n        <\/div>\n        \t\t\t\t<\/div>\n\t\t\t\t<\/div>\n\t\t\t\t\t<\/div>\n\t\t<\/div>\n\t\t\t\t<div class=\"elementor-column elementor-col-33 elementor-inner-column elementor-element elementor-element-492f4d5c\" data-id=\"492f4d5c\" data-element_type=\"column\">\n\t\t\t<div class=\"elementor-widget-wrap\">\n\t\t\t\t\t\t\t<\/div>\n\t\t<\/div>\n\t\t\t\t\t<\/div>\n\t\t<\/section>\n\t\t\t\t\t<\/div>\n\t\t<\/div>\n\t\t\t\t\t<\/div>\n\t\t<\/section>\n\t\t\t\t<section class=\"elementor-section elementor-top-section elementor-element elementor-element-556525ac elementor-section-full_width elementor-section-height-default elementor-section-height-default\" data-id=\"556525ac\" data-element_type=\"section\" data-settings=\"{&quot;background_background&quot;:&quot;classic&quot;}\">\n\t\t\t\t\t\t<div class=\"elementor-container elementor-column-gap-no\">\n\t\t\t\t\t<div class=\"elementor-column elementor-col-100 elementor-top-column elementor-element elementor-element-56620599\" data-id=\"56620599\" data-element_type=\"column\">\n\t\t\t<div class=\"elementor-widget-wrap elementor-element-populated\">\n\t\t\t\t\t\t<div class=\"elementor-element elementor-element-43370318 elementor-absolute elementor-widget elementor-widget-int-parallax-image\" data-id=\"43370318\" data-element_type=\"widget\" data-settings=\"{&quot;_position&quot;:&quot;absolute&quot;}\" data-widget_type=\"int-parallax-image.default\">\n\t\t\t\t<div class=\"elementor-widget-container\">\n\t\t\t\t\t\n        <div class=\"parallax-image\">\n            <img decoding=\"async\" data-parallax='{ \"y\":-90  }' src=\"https:\/\/seargin.xpressbuddy.com\/wp-content\/uploads\/2023\/12\/srv_shape1-1.png\" alt=\"\">\n        <\/div>\n\n        \t\t\t\t<\/div>\n\t\t\t\t<\/div>\n\t\t\t\t<div class=\"elementor-element elementor-element-2534ed9f elementor-absolute elementor-widget elementor-widget-int-parallax-image\" data-id=\"2534ed9f\" data-element_type=\"widget\" data-settings=\"{&quot;_position&quot;:&quot;absolute&quot;}\" data-widget_type=\"int-parallax-image.default\">\n\t\t\t\t<div class=\"elementor-widget-container\">\n\t\t\t\t\t\n        <div class=\"parallax-image\">\n            <img decoding=\"async\" data-parallax='{ \"y\":90  }' src=\"https:\/\/seargin.xpressbuddy.com\/wp-content\/uploads\/2023\/12\/srv_shape2-1.png\" alt=\"\">\n        <\/div>\n\n        \t\t\t\t<\/div>\n\t\t\t\t<\/div>\n\t\t\t\t\t<\/div>\n\t\t<\/div>\n\t\t\t\t\t<\/div>\n\t\t<\/section>\n\t\t\t\t<\/div>\n\t\t","protected":false},"excerpt":{"rendered":"<p>Gesti\u00f3n y estructuraci\u00f3n inmobiliaria Estructuramos proyectos inmobiliarios sostenibles desde el an\u00e1lisis jur\u00eddico y normativo hasta su impacto social, ambiental y econ\u00f3mico. Cont\u00e1ctenos Gesti\u00f3n y estructuraci\u00f3n inmobiliaria Gesti\u00f3n y estructuraci\u00f3n inmobiliaria<\/p>\n","protected":false},"author":1,"featured_media":0,"parent":0,"menu_order":7,"comment_status":"closed","ping_status":"closed","template":"seargin-template.php","meta":{"content-type":"","inline_featured_image":false,"_joinchat":[],"footnotes":""},"class_list":["post-1568","page","type-page","status-publish","hentry"],"_links":{"self":[{"href":"https:\/\/valorar.com\/index.php\/wp-json\/wp\/v2\/pages\/1568","targetHints":{"allow":["GET"]}}],"collection":[{"href":"https:\/\/valorar.com\/index.php\/wp-json\/wp\/v2\/pages"}],"about":[{"href":"https:\/\/valorar.com\/index.php\/wp-json\/wp\/v2\/types\/page"}],"author":[{"embeddable":true,"href":"https:\/\/valorar.com\/index.php\/wp-json\/wp\/v2\/users\/1"}],"replies":[{"embeddable":true,"href":"https:\/\/valorar.com\/index.php\/wp-json\/wp\/v2\/comments?post=1568"}],"version-history":[{"count":38,"href":"https:\/\/valorar.com\/index.php\/wp-json\/wp\/v2\/pages\/1568\/revisions"}],"predecessor-version":[{"id":3661,"href":"https:\/\/valorar.com\/index.php\/wp-json\/wp\/v2\/pages\/1568\/revisions\/3661"}],"wp:attachment":[{"href":"https:\/\/valorar.com\/index.php\/wp-json\/wp\/v2\/media?parent=1568"}],"curies":[{"name":"wp","href":"https:\/\/api.w.org\/{rel}","templated":true}]}}