{"id":1606,"date":"2025-06-16T18:24:10","date_gmt":"2025-06-16T23:24:10","guid":{"rendered":"http:\/\/localhost:8888\/valorar\/?page_id=1606"},"modified":"2025-07-22T17:57:17","modified_gmt":"2025-07-22T22:57:17","slug":"gestion-de-activos","status":"publish","type":"page","link":"https:\/\/valorar.com\/index.php\/valoraciones\/gestion-de-activos\/","title":{"rendered":"Gesti\u00f3n de activos"},"content":{"rendered":"\t\t<div data-elementor-type=\"wp-page\" data-elementor-id=\"1606\" class=\"elementor elementor-1606\" data-elementor-post-type=\"page\">\n\t\t\t\t\t\t<section class=\"elementor-section elementor-top-section elementor-element elementor-element-5a7eb07d elementor-section-boxed elementor-section-height-default elementor-section-height-default\" data-id=\"5a7eb07d\" data-element_type=\"section\">\n\t\t\t\t\t\t<div class=\"elementor-container elementor-column-gap-default\">\n\t\t\t\t\t<div class=\"elementor-column elementor-col-100 elementor-top-column elementor-element elementor-element-db460ea\" data-id=\"db460ea\" data-element_type=\"column\">\n\t\t\t<div class=\"elementor-widget-wrap elementor-element-populated\">\n\t\t\t\t\t\t<section class=\"elementor-section elementor-inner-section elementor-element elementor-element-695c113 elementor-section-boxed elementor-section-height-default elementor-section-height-default\" data-id=\"695c113\" data-element_type=\"section\">\n\t\t\t\t\t\t<div class=\"elementor-container elementor-column-gap-default\">\n\t\t\t\t\t<div class=\"elementor-column elementor-col-100 elementor-inner-column elementor-element elementor-element-535c5998\" data-id=\"535c5998\" data-element_type=\"column\">\n\t\t\t<div class=\"elementor-widget-wrap elementor-element-populated\">\n\t\t\t\t\t\t<div class=\"elementor-element elementor-element-179c14ea elementor-widget elementor-widget-int-video\" data-id=\"179c14ea\" data-element_type=\"widget\" data-widget_type=\"int-video.default\">\n\t\t\t\t<div class=\"elementor-widget-container\">\n\t\t\t\t\t\n        <div class=\"xb__video pos-rel\">\n            <img fetchpriority=\"high\" decoding=\"async\" width=\"1935\" height=\"900\" src=\"https:\/\/valorar.com\/wp-content\/uploads\/2025\/07\/Gestion-De-Activos-valorar-1.jpg\" class=\"attachment-full size-full\" alt=\"\" srcset=\"https:\/\/valorar.com\/wp-content\/uploads\/2025\/07\/Gestion-De-Activos-valorar-1.jpg 1935w, https:\/\/valorar.com\/wp-content\/uploads\/2025\/07\/Gestion-De-Activos-valorar-1-300x140.jpg 300w, https:\/\/valorar.com\/wp-content\/uploads\/2025\/07\/Gestion-De-Activos-valorar-1-1024x476.jpg 1024w, https:\/\/valorar.com\/wp-content\/uploads\/2025\/07\/Gestion-De-Activos-valorar-1-768x357.jpg 768w, https:\/\/valorar.com\/wp-content\/uploads\/2025\/07\/Gestion-De-Activos-valorar-1-1536x714.jpg 1536w\" sizes=\"(max-width: 1935px) 100vw, 1935px\" \/>                            <a class=\"btn-video popup-video btn-video-center\" href=\"https:\/\/www.youtube.com\/watch?v=1XPDNaR9PAw\" target=\"_blank\" rel=\"noopener\"><i\n                            class=\"fas fa-play\"><\/i><\/a>\n                    <\/div>\n        \t\t\t\t<\/div>\n\t\t\t\t<\/div>\n\t\t\t\t\t<\/div>\n\t\t<\/div>\n\t\t\t\t\t<\/div>\n\t\t<\/section>\n\t\t\t\t<section class=\"elementor-section elementor-inner-section elementor-element elementor-element-3b14e9fb elementor-section-boxed elementor-section-height-default elementor-section-height-default\" data-id=\"3b14e9fb\" data-element_type=\"section\">\n\t\t\t\t\t\t<div class=\"elementor-container elementor-column-gap-default\">\n\t\t\t\t\t<div class=\"elementor-column elementor-col-100 elementor-inner-column elementor-element elementor-element-6d74ee59\" data-id=\"6d74ee59\" data-element_type=\"column\">\n\t\t\t<div class=\"elementor-widget-wrap elementor-element-populated\">\n\t\t\t\t\t\t<div class=\"elementor-element elementor-element-6ddd4f0e elementor-widget elementor-widget-heading\" data-id=\"6ddd4f0e\" data-element_type=\"widget\" data-widget_type=\"heading.default\">\n\t\t\t\t<div class=\"elementor-widget-container\">\n\t\t\t\t\t<h2 class=\"elementor-heading-title elementor-size-default\">Gesti\u00f3n y valoraci\u00f3n de activos <\/h2>\t\t\t\t<\/div>\n\t\t\t\t<\/div>\n\t\t\t\t<div class=\"elementor-element elementor-element-6a30c035 elementor-widget elementor-widget-text-editor\" data-id=\"6a30c035\" data-element_type=\"widget\" data-widget_type=\"text-editor.default\">\n\t\t\t\t<div class=\"elementor-widget-container\">\n\t\t\t\t\t\t\t\t\t<span style=\"font-weight: 400;\">Gestionar un activo correctamente implica reconocer, gestionar y extraer valor de los bienes de una empresa, bien sean tangibles o intangibles para la toma de decisiones gerenciales, contables y financieras. <\/span>\t\t\t\t\t\t\t\t<\/div>\n\t\t\t\t<\/div>\n\t\t\t\t<div class=\"elementor-element elementor-element-3577aa53 elementor-widget elementor-widget-text-editor\" data-id=\"3577aa53\" data-element_type=\"widget\" data-widget_type=\"text-editor.default\">\n\t\t\t\t<div class=\"elementor-widget-container\">\n\t\t\t\t\t\t\t\t\t<span style=\"font-weight: 400;\">Nuestro equipo realiza la inspecci\u00f3n f\u00edsica, valoraci\u00f3n y administraci\u00f3n de todos los activos de una empresa, tales como suministros de oficina, herramientas, veh\u00edculos, equipos de producci\u00f3n, software, eval\u00faando oportunidades, riesgos y el rendimiento deseado de cada uno de estos activos.\n<\/span>\t\t\t\t\t\t\t\t<\/div>\n\t\t\t\t<\/div>\n\t\t\t\t<div class=\"elementor-element elementor-element-164aad39 elementor-widget elementor-widget-heading\" data-id=\"164aad39\" data-element_type=\"widget\" data-widget_type=\"heading.default\">\n\t\t\t\t<div class=\"elementor-widget-container\">\n\t\t\t\t\t<h2 class=\"elementor-heading-title elementor-size-default\">Quienes han confiado en nosotros<\/h2>\t\t\t\t<\/div>\n\t\t\t\t<\/div>\n\t\t\t\t<div class=\"elementor-element elementor-element-6c798f4 elementor-widget elementor-widget-int-feature\" data-id=\"6c798f4\" data-element_type=\"widget\" data-widget_type=\"int-feature.default\">\n\t\t\t\t<div class=\"elementor-widget-container\">\n\t\t\t\t\t\n        <div class=\"xb-feature__wrap ul_li\">\n                    <\/div>\n        \t\t\t\t<\/div>\n\t\t\t\t<\/div>\n\t\t<div class=\"elementor-element elementor-element-5a2b2f7 e-grid e-con-boxed e-con e-parent\" data-id=\"5a2b2f7\" data-element_type=\"container\">\n\t\t\t\t\t<div class=\"e-con-inner\">\n\t\t<div class=\"elementor-element elementor-element-7678cd6 e-con-full e-flex e-con e-child\" data-id=\"7678cd6\" data-element_type=\"container\">\n\t\t\t\t<div class=\"elementor-element elementor-element-a3be196 elementor-widget elementor-widget-image\" data-id=\"a3be196\" data-element_type=\"widget\" data-widget_type=\"image.default\">\n\t\t\t\t<div class=\"elementor-widget-container\">\n\t\t\t\t\t\t\t\t\t\t\t\t\t\t\t<img decoding=\"async\" width=\"200\" height=\"92\" src=\"https:\/\/valorar.com\/wp-content\/uploads\/2025\/07\/Ecopetrol-logo-valorar-cliente-1.png\" class=\"attachment-large size-large wp-image-3722\" alt=\"\" \/>\t\t\t\t\t\t\t\t\t\t\t\t\t\t\t<\/div>\n\t\t\t\t<\/div>\n\t\t\t\t<\/div>\n\t\t<div class=\"elementor-element elementor-element-1831e8a e-con-full e-flex e-con e-child\" data-id=\"1831e8a\" data-element_type=\"container\">\n\t\t\t\t<div class=\"elementor-element elementor-element-30969a1 elementor-widget elementor-widget-image\" data-id=\"30969a1\" data-element_type=\"widget\" data-widget_type=\"image.default\">\n\t\t\t\t<div class=\"elementor-widget-container\">\n\t\t\t\t\t\t\t\t\t\t\t\t\t\t\t<img decoding=\"async\" width=\"200\" height=\"92\" src=\"https:\/\/valorar.com\/wp-content\/uploads\/2025\/07\/Hoteles-Decameron-logo-valorar-cliente-1.png\" class=\"attachment-large size-large wp-image-3726\" alt=\"\" \/>\t\t\t\t\t\t\t\t\t\t\t\t\t\t\t<\/div>\n\t\t\t\t<\/div>\n\t\t\t\t<\/div>\n\t\t<div class=\"elementor-element elementor-element-784b0f3 e-con-full e-flex e-con e-child\" data-id=\"784b0f3\" data-element_type=\"container\">\n\t\t\t\t<div class=\"elementor-element elementor-element-04f2fad elementor-widget elementor-widget-image\" data-id=\"04f2fad\" data-element_type=\"widget\" data-widget_type=\"image.default\">\n\t\t\t\t<div class=\"elementor-widget-container\">\n\t\t\t\t\t\t\t\t\t\t\t\t\t\t\t<img loading=\"lazy\" decoding=\"async\" width=\"200\" height=\"92\" src=\"https:\/\/valorar.com\/wp-content\/uploads\/2025\/07\/Electrificadora-del-Meta-S.A.-ESP-logo-valorar-cliente.png\" class=\"attachment-large size-large wp-image-3730\" alt=\"\" \/>\t\t\t\t\t\t\t\t\t\t\t\t\t\t\t<\/div>\n\t\t\t\t<\/div>\n\t\t\t\t<\/div>\n\t\t<div class=\"elementor-element elementor-element-934be9f e-con-full e-flex e-con e-child\" data-id=\"934be9f\" data-element_type=\"container\">\n\t\t\t\t<div class=\"elementor-element elementor-element-bdc93be elementor-widget elementor-widget-image\" data-id=\"bdc93be\" data-element_type=\"widget\" data-widget_type=\"image.default\">\n\t\t\t\t<div class=\"elementor-widget-container\">\n\t\t\t\t\t\t\t\t\t\t\t\t\t\t\t<img loading=\"lazy\" decoding=\"async\" width=\"200\" height=\"92\" src=\"https:\/\/valorar.com\/wp-content\/uploads\/2025\/07\/Comfandi-logo-valorar-cliente-1.png\" class=\"attachment-large size-large wp-image-3732\" alt=\"\" \/>\t\t\t\t\t\t\t\t\t\t\t\t\t\t\t<\/div>\n\t\t\t\t<\/div>\n\t\t\t\t<\/div>\n\t\t<div class=\"elementor-element elementor-element-d83226a e-con-full e-flex e-con e-child\" data-id=\"d83226a\" data-element_type=\"container\">\n\t\t\t\t<div class=\"elementor-element elementor-element-ff6a2ed elementor-widget elementor-widget-image\" data-id=\"ff6a2ed\" data-element_type=\"widget\" data-widget_type=\"image.default\">\n\t\t\t\t<div class=\"elementor-widget-container\">\n\t\t\t\t\t\t\t\t\t\t\t\t\t\t\t<img loading=\"lazy\" decoding=\"async\" width=\"200\" height=\"92\" src=\"https:\/\/valorar.com\/wp-content\/uploads\/2025\/07\/Gobernacion-de-Antioquia-logo-valorar-cliente-1.png\" class=\"attachment-large size-large wp-image-3733\" alt=\"\" \/>\t\t\t\t\t\t\t\t\t\t\t\t\t\t\t<\/div>\n\t\t\t\t<\/div>\n\t\t\t\t<\/div>\n\t\t\t\t\t<\/div>\n\t\t\t\t<\/div>\n\t\t\t\t\t<\/div>\n\t\t<\/div>\n\t\t\t\t\t<\/div>\n\t\t<\/section>\n\t\t\t\t\t<\/div>\n\t\t<\/div>\n\t\t\t\t\t<\/div>\n\t\t<\/section>\n\t\t<div class=\"elementor-element elementor-element-7631d0e6 e-flex e-con-boxed e-con e-parent\" data-id=\"7631d0e6\" data-element_type=\"container\">\n\t\t\t\t\t<div class=\"e-con-inner\">\n\t\t\t\t<div class=\"elementor-element elementor-element-172d1035 elementor-widget elementor-widget-int-contact-form\" data-id=\"172d1035\" data-element_type=\"widget\" data-widget_type=\"int-contact-form.default\">\n\t\t\t\t<div class=\"elementor-widget-container\">\n\t\t\t\t\t\n                <div class=\"contact-from\">\n            \n<div class=\"wpcf7 no-js\" id=\"wpcf7-f1297-o1\" lang=\"en-US\" dir=\"ltr\" data-wpcf7-id=\"1297\">\n<div class=\"screen-reader-response\"><p role=\"status\" aria-live=\"polite\" aria-atomic=\"true\"><\/p> <ul><\/ul><\/div>\n<form action=\"\/index.php\/wp-json\/wp\/v2\/pages\/1606#wpcf7-f1297-o1\" method=\"post\" class=\"wpcf7-form init\" aria-label=\"Contact form\" novalidate=\"novalidate\" data-status=\"init\">\n<div style=\"display: none;\">\n<input type=\"hidden\" name=\"_wpcf7\" value=\"1297\" \/>\n<input type=\"hidden\" name=\"_wpcf7_version\" value=\"6.0.6\" \/>\n<input type=\"hidden\" name=\"_wpcf7_locale\" value=\"en_US\" \/>\n<input type=\"hidden\" name=\"_wpcf7_unit_tag\" value=\"wpcf7-f1297-o1\" \/>\n<input type=\"hidden\" name=\"_wpcf7_container_post\" value=\"0\" \/>\n<input type=\"hidden\" name=\"_wpcf7_posted_data_hash\" value=\"\" \/>\n<input type=\"hidden\" name=\"_wpcf7_recaptcha_response\" value=\"\" \/>\n<\/div>\n<div class=\"contact-from\">\n    <div class=\"row\">\n        <div class=\"col-lg-6\">\n            <div class=\"xb-item--field\">\n                <label for=\"name\">Nombre *<\/label>\n                <div class=\"field-inner pos-rel\">\n                    <span class=\"icon icon-user\"><\/span>\n<span class=\"wpcf7-form-control-wrap\" data-name=\"text-917\"><input size=\"40\" maxlength=\"400\" class=\"wpcf7-form-control wpcf7-text wpcf7-validates-as-required\" id=\"name\" aria-required=\"true\" aria-invalid=\"false\" placeholder=\"Jorge Rodriguez\" value=\"\" type=\"text\" name=\"text-917\" \/><\/span>\n                <\/div>\n            <\/div>\n        <\/div>\n        <div class=\"col-lg-6\">\n            <div class=\"xb-item--field\">\n                <label for=\"email\">Correo *<\/label>\n                <div class=\"field-inner pos-rel\">\n                    <span class=\"icon icon-email\"><\/span>\n<span class=\"wpcf7-form-control-wrap\" data-name=\"email-252\"><input size=\"40\" maxlength=\"400\" class=\"wpcf7-form-control wpcf7-email wpcf7-validates-as-required wpcf7-text wpcf7-validates-as-email\" id=\"email\" aria-required=\"true\" aria-invalid=\"false\" placeholder=\"contacto@valorar.com\" value=\"\" type=\"email\" name=\"email-252\" \/><\/span>\n                <\/div>\n            <\/div>\n        <\/div>\n        <div class=\"col-lg-6\">\n            <div class=\"xb-item--field\">\n                <label for=\"phone\">Tel\u00e9fono *<\/label>\n                <div class=\"field-inner pos-rel\">\n                    <span class=\"icon icon-call\"><\/span>\n<span class=\"wpcf7-form-control-wrap\" data-name=\"text-912\"><input size=\"40\" maxlength=\"400\" class=\"wpcf7-form-control wpcf7-text wpcf7-validates-as-required\" id=\"phone\" aria-required=\"true\" aria-invalid=\"false\" placeholder=\"300 000 00 00\" value=\"\" type=\"text\" name=\"text-912\" \/><\/span>\n                <\/div>\n            <\/div>\n        <\/div>\n        <div class=\"col-lg-6\">\n            <div class=\"xb-item--field\">\n                <label for=\"select\">Asunto *<\/label>\n                <div class=\"field-inner pos-rel\">\n                    <span class=\"icon icon-select\"><\/span>\n<span class=\"wpcf7-form-control-wrap\" data-name=\"menu-766\"><select class=\"wpcf7-form-control wpcf7-select wpcf7-validates-as-required nice-select\" id=\"select\" aria-required=\"true\" aria-invalid=\"false\" name=\"menu-766\"><option value=\"Seleccionar asunto\">Seleccionar asunto<\/option><option value=\"Catastro multiprop\u00f3sito\">Catastro multiprop\u00f3sito<\/option><option value=\"Contribuci\u00f3n de valorizaci\u00f3n\">Contribuci\u00f3n de valorizaci\u00f3n<\/option><option value=\"Participaci\u00f3n en plusval\u00eda\">Participaci\u00f3n en plusval\u00eda<\/option><option value=\"Gesti\u00f3n predial\">Gesti\u00f3n predial<\/option><option value=\"Gesti\u00f3n de activos\">Gesti\u00f3n de activos<\/option><option value=\"Dictamen pericial y amigable composici\u00f3n\">Dictamen pericial y amigable composici\u00f3n<\/option><option value=\"aval\u00faos puntuales\">aval\u00faos puntuales<\/option><option value=\"Gesti\u00f3n y estructuraci\u00f3n inmobiliaria\">Gesti\u00f3n y estructuraci\u00f3n inmobiliaria<\/option><\/select><\/span>\n                <\/div>\n            <\/div>\n        <\/div>\n        <div class=\"col-12\">\n            <div class=\"xb-item--field\">\n                <label for=\"message\">Mensaje<\/label>\n                <div class=\"field-inner pos-rel\">\n                    <span class=\"icon icon-message\"><\/span>\n<span class=\"wpcf7-form-control-wrap\" data-name=\"textarea-693\"><textarea cols=\"40\" rows=\"10\" maxlength=\"2000\" class=\"wpcf7-form-control wpcf7-textarea wpcf7-validates-as-required\" id=\"message\" aria-required=\"true\" aria-invalid=\"false\" placeholder=\"Escribe tu mensaje...\" name=\"textarea-693\"><\/textarea><\/span>\n                <\/div>\n            <\/div>\n        <\/div>\n        <div class=\"form-button text-center\">\n            <button class=\"xb-btn\">Enviar<\/button>\n        <\/div>\n    <\/div>\n<\/div>\n<br>\n\n&nbsp;\n<span class=\"wpcf7-form-control-wrap\" data-name=\"acceptance-781\"><span class=\"wpcf7-form-control wpcf7-acceptance\"><span class=\"wpcf7-list-item\"><label><input type=\"checkbox\" name=\"acceptance-781\" value=\"1\" aria-invalid=\"false\" \/><span class=\"wpcf7-list-item-label\">Acepto los <a href=\"https:\/\/valorar.com\/index.php\/politica-tratamiento-de-datos-personales\/\">t\u00e9rminos y condiciones<\/a> y la <a href=\"https:\/\/valorar.com\/index.php\/politica-tratamiento-de-datos-personales\/\">pol\u00edtica de tratamiento de datos personales<\/a> de Valorar.<\/span><\/label><\/span><\/span><\/span>\n&nbsp;\n<br>\n\n\nEste sitio est\u00e1 protegido por reCAPTCHA y se aplican la <a href=\"https:\/\/policies.google.com\/privacy\" target=\"_blank\" rel=\"noopener\">Pol\u00edtica de Privacidad<\/a> y los <a href=\"https:\/\/policies.google.com\/terms\" target=\"_blank\" rel=\"noopener\">T\u00e9rminos de Servicio<\/a> de Google.\n<\/p><p style=\"display: none !important;\" class=\"akismet-fields-container\" data-prefix=\"_wpcf7_ak_\"><label>&#916;<textarea name=\"_wpcf7_ak_hp_textarea\" cols=\"45\" rows=\"8\" maxlength=\"100\"><\/textarea><\/label><input type=\"hidden\" id=\"ak_js_1\" name=\"_wpcf7_ak_js\" value=\"210\"\/><script>document.getElementById( \"ak_js_1\" ).setAttribute( \"value\", ( new Date() ).getTime() );<\/script><\/p><div class=\"wpcf7-response-output\" aria-hidden=\"true\"><\/div>\n<\/form>\n<\/div>\n        <\/div>\n            \t\t\t\t<\/div>\n\t\t\t\t<\/div>\n\t\t\t\t\t<\/div>\n\t\t\t\t<\/div>\n\t\t\t\t<\/div>\n\t\t","protected":false},"excerpt":{"rendered":"<p>Gesti\u00f3n y valoraci\u00f3n de activos Gestionar un activo correctamente implica reconocer, gestionar y extraer valor de los bienes de una empresa, bien sean tangibles o intangibles para la toma de decisiones gerenciales, contables y financieras. Nuestro equipo realiza la inspecci\u00f3n f\u00edsica, valoraci\u00f3n y administraci\u00f3n de todos los activos de una empresa, tales como suministros de [&hellip;]<\/p>\n","protected":false},"author":1,"featured_media":0,"parent":1566,"menu_order":8,"comment_status":"closed","ping_status":"closed","template":"seargin-template.php","meta":{"content-type":"","inline_featured_image":false,"_joinchat":[],"footnotes":""},"class_list":["post-1606","page","type-page","status-publish","hentry"],"_links":{"self":[{"href":"https:\/\/valorar.com\/index.php\/wp-json\/wp\/v2\/pages\/1606","targetHints":{"allow":["GET"]}}],"collection":[{"href":"https:\/\/valorar.com\/index.php\/wp-json\/wp\/v2\/pages"}],"about":[{"href":"https:\/\/valorar.com\/index.php\/wp-json\/wp\/v2\/types\/page"}],"author":[{"embeddable":true,"href":"https:\/\/valorar.com\/index.php\/wp-json\/wp\/v2\/users\/1"}],"replies":[{"embeddable":true,"href":"https:\/\/valorar.com\/index.php\/wp-json\/wp\/v2\/comments?post=1606"}],"version-history":[{"count":43,"href":"https:\/\/valorar.com\/index.php\/wp-json\/wp\/v2\/pages\/1606\/revisions"}],"predecessor-version":[{"id":3813,"href":"https:\/\/valorar.com\/index.php\/wp-json\/wp\/v2\/pages\/1606\/revisions\/3813"}],"up":[{"embeddable":true,"href":"https:\/\/valorar.com\/index.php\/wp-json\/wp\/v2\/pages\/1566"}],"wp:attachment":[{"href":"https:\/\/valorar.com\/index.php\/wp-json\/wp\/v2\/media?parent=1606"}],"curies":[{"name":"wp","href":"https:\/\/api.w.org\/{rel}","templated":true}]}}