{"id":3420,"date":"2025-07-15T12:33:04","date_gmt":"2025-07-15T17:33:04","guid":{"rendered":"http:\/\/localhost:8888\/valorar\/index.php\/modo-de-mantenimiento\/"},"modified":"2025-07-15T13:56:08","modified_gmt":"2025-07-15T18:56:08","slug":"modo-de-mantenimiento","status":"publish","type":"page","link":"https:\/\/valorar.com\/index.php\/modo-de-mantenimiento\/","title":{"rendered":"Modo de mantenimiento"},"content":{"rendered":"\t\t<div data-elementor-type=\"wp-page\" data-elementor-id=\"3420\" class=\"elementor elementor-3420\" data-elementor-post-type=\"page\">\n\t\t\t\t<div class=\"elementor-element elementor-element-01e430a e-grid e-con-boxed e-con e-parent\" data-id=\"01e430a\" data-element_type=\"container\">\n\t\t\t\t\t<div class=\"e-con-inner\">\n\t\t\t\t<div class=\"elementor-element elementor-element-fa5186b elementor-widget elementor-widget-image\" data-id=\"fa5186b\" data-element_type=\"widget\" data-widget_type=\"image.default\">\n\t\t\t\t<div class=\"elementor-widget-container\">\n\t\t\t\t\t\t\t\t\t\t\t\t\t\t\t<img decoding=\"async\" width=\"183\" height=\"45\" src=\"https:\/\/valorar.com\/wp-content\/uploads\/2025\/06\/logo-valorar-valoracion-inmobiliaria.png\" class=\"attachment-large size-large wp-image-1461\" alt=\"\" \/>\t\t\t\t\t\t\t\t\t\t\t\t\t\t\t<\/div>\n\t\t\t\t<\/div>\n\t\t\t\t<div class=\"elementor-element elementor-element-4db1864 elementor-widget elementor-widget-heading\" data-id=\"4db1864\" data-element_type=\"widget\" data-widget_type=\"heading.default\">\n\t\t\t\t<div class=\"elementor-widget-container\">\n\t\t\t\t\t<h2 class=\"elementor-heading-title elementor-size-default\">El sitio web est\u00e1 en mantenimiento.<\/h2>\t\t\t\t<\/div>\n\t\t\t\t<\/div>\n\t\t\t\t<div class=\"elementor-element elementor-element-9fee990 elementor-widget elementor-widget-text-editor\" data-id=\"9fee990\" data-element_type=\"widget\" data-widget_type=\"text-editor.default\">\n\t\t\t\t<div class=\"elementor-widget-container\">\n\t\t\t\t\t\t\t\t\t<p>Estamos trabajando para mejorar su experiencia. Nuestro sitio web se encuentra en proceso de actualizaci\u00f3n y estar\u00e1 disponible nuevamente muy pronto.<\/p>\n<p>Agradecemos su comprensi\u00f3n y paciencia.<\/p>\t\t\t\t\t\t\t\t<\/div>\n\t\t\t\t<\/div>\n\t\t\t\t<div class=\"elementor-element elementor-element-60c2e08 elementor-absolute elementor-widget elementor-widget-int-parallax-image\" data-id=\"60c2e08\" data-element_type=\"widget\" data-settings=\"{&quot;_position&quot;:&quot;absolute&quot;,&quot;motion_fx_motion_fx_mouse&quot;:&quot;yes&quot;,&quot;motion_fx_mouseTrack_effect&quot;:&quot;yes&quot;,&quot;motion_fx_mouseTrack_direction&quot;:&quot;negative&quot;,&quot;motion_fx_mouseTrack_speed&quot;:{&quot;unit&quot;:&quot;px&quot;,&quot;size&quot;:0.1,&quot;sizes&quot;:[]}}\" data-widget_type=\"int-parallax-image.default\">\n\t\t\t\t<div class=\"elementor-widget-container\">\n\t\t\t\t\t\n        <div class=\"parallax-image\">\n            <img decoding=\"async\" data-parallax='{ \"y\":-90  }' src=\"https:\/\/seargin.xpressbuddy.com\/wp-content\/uploads\/2023\/11\/srv_shape1.png\" alt=\"\">\n        <\/div>\n\n        \t\t\t\t<\/div>\n\t\t\t\t<\/div>\n\t\t\t\t<div class=\"elementor-element elementor-element-521c81b elementor-widget elementor-widget-int-footer-cta\" data-id=\"521c81b\" data-element_type=\"widget\" data-settings=\"{&quot;motion_fx_motion_fx_mouse&quot;:&quot;yes&quot;,&quot;motion_fx_mouseTrack_effect&quot;:&quot;yes&quot;,&quot;motion_fx_mouseTrack_speed&quot;:{&quot;unit&quot;:&quot;px&quot;,&quot;size&quot;:0.1,&quot;sizes&quot;:[]}}\" data-widget_type=\"int-footer-cta.default\">\n\t\t\t\t<div class=\"elementor-widget-container\">\n\t\t\t\t\t        <div class=\"footer-cta ul_li_between\">\n            <div class=\"footer-cta__inner ul_li mt-15\">\n                <div class=\"xb-icon-img style-2 ul_li mr-35 mt-15\">\n                                            <div class=\"avatar\">\n                            <img decoding=\"async\" width=\"78\" height=\"78\" src=\"https:\/\/valorar.com\/wp-content\/uploads\/2023\/11\/cta_avatar2.png\" class=\"attachment-thumbnail size-thumbnail\" alt=\"\" \/>                        <\/div>\n                                        <div class=\"icon\">\n                        <svg aria-hidden=\"true\" class=\"e-font-icon-svg e-fas-envelope\" viewBox=\"0 0 512 512\" xmlns=\"http:\/\/www.w3.org\/2000\/svg\"><path d=\"M502.3 190.8c3.9-3.1 9.7-.2 9.7 4.7V400c0 26.5-21.5 48-48 48H48c-26.5 0-48-21.5-48-48V195.6c0-5 5.7-7.8 9.7-4.7 22.4 17.4 52.1 39.5 154.1 113.6 21.1 15.4 56.7 47.8 92.2 47.6 35.7.3 72-32.8 92.3-47.6 102-74.1 131.6-96.3 154-113.7zM256 320c23.2.4 56.6-29.2 73.4-41.4 132.7-96.3 142.8-104.7 173.4-128.7 5.8-4.5 9.2-11.5 9.2-18.9v-19c0-26.5-21.5-48-48-48H48C21.5 64 0 85.5 0 112v19c0 7.4 3.4 14.3 9.2 18.9 30.6 23.9 40.7 32.4 173.4 128.7 16.8 12.2 50.2 41.8 73.4 41.4z\"><\/path><\/svg>                    <\/div>\n                <\/div>\n                <div class=\"footer-cta__holder mt-15\">\n                                        <span>Escr\u00edbanos<\/span>\n                                            <h3>contacto@valorar.com<\/h3>\n                                    <\/div>\n            <\/div>\n            <div class=\"footer-cta__inner ul_li mt-15\">\n                <div class=\"footer-cta__holder text-end mt-15\">\n                                            <span>ll\u00e1menos<\/span>\n                                            <h3>(604) 448 0727 <\/h3>\n                                    <\/div>\n                <div class=\"xb-icon-img ul_li ml-35 mt-15\">\n                    <div class=\"icon\">\n                        <svg aria-hidden=\"true\" class=\"e-font-icon-svg e-fas-phone\" viewBox=\"0 0 512 512\" xmlns=\"http:\/\/www.w3.org\/2000\/svg\"><path d=\"M493.4 24.6l-104-24c-11.3-2.6-22.9 3.3-27.5 13.9l-48 112c-4.2 9.8-1.4 21.3 6.9 28l60.6 49.6c-36 76.7-98.9 140.5-177.2 177.2l-49.6-60.6c-6.8-8.3-18.2-11.1-28-6.9l-112 48C3.9 366.5-2 378.1.6 389.4l24 104C27.1 504.2 36.7 512 48 512c256.1 0 464-207.5 464-464 0-11.2-7.7-20.9-18.6-23.4z\"><\/path><\/svg>                    <\/div>\n                                            <div class=\"avatar\">\n                            <img decoding=\"async\" width=\"78\" height=\"78\" src=\"https:\/\/valorar.com\/wp-content\/uploads\/2023\/11\/cta_avatar3.png\" class=\"attachment-thumbnail size-thumbnail\" alt=\"\" \/>                        <\/div>\n                                    <\/div>\n            <\/div>\n            <span class=\"footer-cta__line\"><\/span>\n        <\/div>\n        \t\t\t\t<\/div>\n\t\t\t\t<\/div>\n\t\t\t\t<div class=\"elementor-element elementor-element-ae27004 elementor-widget__width-inherit elementor-widget elementor-widget-int-social\" data-id=\"ae27004\" data-element_type=\"widget\" data-widget_type=\"int-social.default\">\n\t\t\t\t<div class=\"elementor-widget-container\">\n\t\t\t\t\t                <div class=\"footer-social ul_li_right mt-15\">\n                            <span>S\u00edganos<\/span>\n                        <ul class=\"ul_li\">\n                                    <li>\n                        <a href=\"https:\/\/www.youtube.com\/channel\/UCGuQjC56UfzzBdNoN6p77MA\" target=\"_blank\" rel=\"noopener\"><svg aria-hidden=\"true\" class=\"e-font-icon-svg e-fab-youtube\" viewBox=\"0 0 576 512\" xmlns=\"http:\/\/www.w3.org\/2000\/svg\"><path d=\"M549.655 124.083c-6.281-23.65-24.787-42.276-48.284-48.597C458.781 64 288 64 288 64S117.22 64 74.629 75.486c-23.497 6.322-42.003 24.947-48.284 48.597-11.412 42.867-11.412 132.305-11.412 132.305s0 89.438 11.412 132.305c6.281 23.65 24.787 41.5 48.284 47.821C117.22 448 288 448 288 448s170.78 0 213.371-11.486c23.497-6.321 42.003-24.171 48.284-47.821 11.412-42.867 11.412-132.305 11.412-132.305s0-89.438-11.412-132.305zm-317.51 213.508V175.185l142.739 81.205-142.739 81.201z\"><\/path><\/svg><\/a>\n                    <\/li>\n                                    <li>\n                        <a href=\"https:\/\/www.facebook.com\/valorarSa\/\" target=\"_blank\" rel=\"noopener\"><svg aria-hidden=\"true\" class=\"e-font-icon-svg e-fab-facebook-f\" viewBox=\"0 0 320 512\" xmlns=\"http:\/\/www.w3.org\/2000\/svg\"><path d=\"M279.14 288l14.22-92.66h-88.91v-60.13c0-25.35 12.42-50.06 52.24-50.06h40.42V6.26S260.43 0 225.36 0c-73.22 0-121.08 44.38-121.08 124.72v70.62H22.89V288h81.39v224h100.17V288z\"><\/path><\/svg><\/a>\n                    <\/li>\n                                    <li>\n                        <a href=\"https:\/\/www.linkedin.com\/company\/valorar-s-a\/\" target=\"_blank\" rel=\"noopener\"><svg aria-hidden=\"true\" class=\"e-font-icon-svg e-fab-linkedin-in\" viewBox=\"0 0 448 512\" xmlns=\"http:\/\/www.w3.org\/2000\/svg\"><path d=\"M100.28 448H7.4V148.9h92.88zM53.79 108.1C24.09 108.1 0 83.5 0 53.8a53.79 53.79 0 0 1 107.58 0c0 29.7-24.1 54.3-53.79 54.3zM447.9 448h-92.68V302.4c0-34.7-.7-79.2-48.29-79.2-48.29 0-55.69 37.7-55.69 76.7V448h-92.78V148.9h89.08v40.8h1.3c12.4-23.5 42.69-48.3 87.88-48.3 94 0 111.28 61.9 111.28 142.3V448z\"><\/path><\/svg><\/a>\n                    <\/li>\n                                    <li>\n                        <a href=\"https:\/\/www.instagram.com\/valorarsa\/\" target=\"_blank\" rel=\"noopener\"><svg aria-hidden=\"true\" class=\"e-font-icon-svg e-fab-instagram\" viewBox=\"0 0 448 512\" xmlns=\"http:\/\/www.w3.org\/2000\/svg\"><path d=\"M224.1 141c-63.6 0-114.9 51.3-114.9 114.9s51.3 114.9 114.9 114.9S339 319.5 339 255.9 287.7 141 224.1 141zm0 189.6c-41.1 0-74.7-33.5-74.7-74.7s33.5-74.7 74.7-74.7 74.7 33.5 74.7 74.7-33.6 74.7-74.7 74.7zm146.4-194.3c0 14.9-12 26.8-26.8 26.8-14.9 0-26.8-12-26.8-26.8s12-26.8 26.8-26.8 26.8 12 26.8 26.8zm76.1 27.2c-1.7-35.9-9.9-67.7-36.2-93.9-26.2-26.2-58-34.4-93.9-36.2-37-2.1-147.9-2.1-184.9 0-35.8 1.7-67.6 9.9-93.9 36.1s-34.4 58-36.2 93.9c-2.1 37-2.1 147.9 0 184.9 1.7 35.9 9.9 67.7 36.2 93.9s58 34.4 93.9 36.2c37 2.1 147.9 2.1 184.9 0 35.9-1.7 67.7-9.9 93.9-36.2 26.2-26.2 34.4-58 36.2-93.9 2.1-37 2.1-147.8 0-184.8zM398.8 388c-7.8 19.6-22.9 34.7-42.6 42.6-29.5 11.7-99.5 9-132.1 9s-102.7 2.6-132.1-9c-19.6-7.8-34.7-22.9-42.6-42.6-11.7-29.5-9-99.5-9-132.1s-2.6-102.7 9-132.1c7.8-19.6 22.9-34.7 42.6-42.6 29.5-11.7 99.5-9 132.1-9s102.7-2.6 132.1 9c19.6 7.8 34.7 22.9 42.6 42.6 11.7 29.5 9 99.5 9 132.1s2.7 102.7-9 132.1z\"><\/path><\/svg><\/a>\n                    <\/li>\n                            <\/ul>\n        <\/div>\n    \t\t\t\t<\/div>\n\t\t\t\t<\/div>\n\t\t\t\t<div class=\"elementor-element elementor-element-0bd4c28 elementor-absolute elementor-widget elementor-widget-int-parallax-image\" data-id=\"0bd4c28\" data-element_type=\"widget\" data-settings=\"{&quot;_position&quot;:&quot;absolute&quot;}\" data-widget_type=\"int-parallax-image.default\">\n\t\t\t\t<div class=\"elementor-widget-container\">\n\t\t\t\t\t\n        <div class=\"parallax-image\">\n            <img decoding=\"async\" data-parallax='{ \"y\":90  }' src=\"http:\/\/localhost:8888\/valorar\/wp-content\/uploads\/2025\/07\/srv_shape2.png\" alt=\"\">\n        <\/div>\n\n        \t\t\t\t<\/div>\n\t\t\t\t<\/div>\n\t\t\t\t\t<\/div>\n\t\t\t\t<\/div>\n\t\t\t\t<\/div>\n\t\t","protected":false},"excerpt":{"rendered":"<p>El sitio web est\u00e1 en mantenimiento. Estamos trabajando para mejorar su experiencia. Nuestro sitio web se encuentra en proceso de actualizaci\u00f3n y estar\u00e1 disponible nuevamente muy pronto. Agradecemos su comprensi\u00f3n y paciencia. Escr\u00edbanos contacto@valorar.com ll\u00e1menos (604) 448 0727 S\u00edganos<\/p>\n","protected":false},"author":1,"featured_media":0,"parent":0,"menu_order":0,"comment_status":"closed","ping_status":"closed","template":"elementor_canvas","meta":{"content-type":"","inline_featured_image":false,"_joinchat":[],"footnotes":""},"class_list":["post-3420","page","type-page","status-publish","hentry"],"_links":{"self":[{"href":"https:\/\/valorar.com\/index.php\/wp-json\/wp\/v2\/pages\/3420","targetHints":{"allow":["GET"]}}],"collection":[{"href":"https:\/\/valorar.com\/index.php\/wp-json\/wp\/v2\/pages"}],"about":[{"href":"https:\/\/valorar.com\/index.php\/wp-json\/wp\/v2\/types\/page"}],"author":[{"embeddable":true,"href":"https:\/\/valorar.com\/index.php\/wp-json\/wp\/v2\/users\/1"}],"replies":[{"embeddable":true,"href":"https:\/\/valorar.com\/index.php\/wp-json\/wp\/v2\/comments?post=3420"}],"version-history":[{"count":11,"href":"https:\/\/valorar.com\/index.php\/wp-json\/wp\/v2\/pages\/3420\/revisions"}],"predecessor-version":[{"id":3448,"href":"https:\/\/valorar.com\/index.php\/wp-json\/wp\/v2\/pages\/3420\/revisions\/3448"}],"wp:attachment":[{"href":"https:\/\/valorar.com\/index.php\/wp-json\/wp\/v2\/media?parent=3420"}],"curies":[{"name":"wp","href":"https:\/\/api.w.org\/{rel}","templated":true}]}}